{"id":1474,"date":"2022-11-01T09:39:39","date_gmt":"2022-11-01T07:39:39","guid":{"rendered":"https:\/\/matus.ee\/?page_id=1474"},"modified":"2022-11-01T09:42:08","modified_gmt":"2022-11-01T07:42:08","slug":"%d1%83%d1%80%d0%bd%d1%8b","status":"publish","type":"page","link":"https:\/\/matus.ee\/ru\/%d1%83%d1%80%d0%bd%d1%8b\/","title":{"rendered":"\u0423\u0440\u043d\u044b"},"content":{"rendered":"<div id=\"envira-gallery-wrap-1418\" class=\"envira-gallery-wrap envira-gallery-theme-base envira-lightbox-theme-base\" itemscope itemtype=\"https:\/\/schema.org\/ImageGallery\"><div data-row-height=\"\" data-gallery-theme=\"\" id=\"envira-gallery-1418\" class=\"envira-gallery-public  envira-gallery-4-columns envira-clear enviratope envira-gallery-css-animations\" data-envira-columns=\"4\"><div id=\"envira-gallery-item-655\" class=\"envira-gallery-item enviratope-item envira-gallery-item-1 envira-lazy-load\" style=\"padding-left: 15px; padding-bottom: 30px; padding-right: 15px;\"  itemscope itemtype=\"https:\/\/schema.org\/ImageObject\"><div class=\"envira-gallery-item-inner\"><div class=\"envira-gallery-position-overlay  envira-gallery-top-left\"><\/div><div class=\"envira-gallery-position-overlay  envira-gallery-top-right\"><\/div><div class=\"envira-gallery-position-overlay  envira-gallery-bottom-left\"><\/div><div class=\"envira-gallery-position-overlay  envira-gallery-bottom-right\"><\/div><a href=\"https:\/\/matus.ee\/wp-content\/uploads\/2020\/05\/mnniurn-pstine-hele.jpg\" class=\"envira-gallery-1418 envira-gallery-link\" rel=\"enviragallery1418\" title=\"M&auml;nniurn p&uuml;stine hele\" data-envira-caption=\"M&auml;nniurn p&uuml;stine hele\" data-envira-retina=\"\" data-thumbnail=\"\"  itemprop=\"contentUrl\"><div class=\"envira-lazy\" data-test-width=\"300\" data-test-height=\"300\" style=\"padding-bottom:100%;\"><img decoding=\"async\" id=\"envira-gallery-image-655\" class=\"envira-gallery-image envira-gallery-image-1\" data-envira-index=\"1\" src=\"https:\/\/matus.ee\/wp-content\/uploads\/2020\/05\/mnniurn-pstine-hele.jpg\" data-envira-src=\"https:\/\/matus.ee\/wp-content\/uploads\/2020\/05\/mnniurn-pstine-hele.jpg\" data-envira-gallery-id=\"1418\" data-envira-item-id=\"655\" data-envira-caption=\"M&auml;nniurn p&uuml;stine hele\" alt=\"\" title=\"M&amp;auml;nniurn p&amp;uuml;stine hele\"  itemprop=\"thumbnailUrl\" data-envira-srcset=\"https:\/\/matus.ee\/wp-content\/uploads\/2020\/05\/mnniurn-pstine-hele.jpg 400w,https:\/\/matus.ee\/wp-content\/uploads\/2020\/05\/mnniurn-pstine-hele.jpg 2x\" srcset=\"data:image\/gif;base64,R0lGODlhAQABAIAAAP\/\/\/\/\/\/\/yH5BAEKAAEALAAAAAABAAEAAAICTAEAOw==\" \/><\/div><\/a><\/div><\/div><div id=\"envira-gallery-item-654\" class=\"envira-gallery-item enviratope-item envira-gallery-item-2 envira-lazy-load\" style=\"padding-left: 15px; padding-bottom: 30px; padding-right: 15px;\"  itemscope itemtype=\"https:\/\/schema.org\/ImageObject\"><div class=\"envira-gallery-item-inner\"><div class=\"envira-gallery-position-overlay  envira-gallery-top-left\"><\/div><div class=\"envira-gallery-position-overlay  envira-gallery-top-right\"><\/div><div class=\"envira-gallery-position-overlay  envira-gallery-bottom-left\"><\/div><div class=\"envira-gallery-position-overlay  envira-gallery-bottom-right\"><\/div><a href=\"https:\/\/matus.ee\/wp-content\/uploads\/2020\/05\/mnniurn-pstine-tume.jpg\" class=\"envira-gallery-1418 envira-gallery-link\" rel=\"enviragallery1418\" title=\"M&auml;nniurn p&uuml;stine tume\" data-envira-caption=\"M&auml;nniurn p&uuml;stine tume\" data-envira-retina=\"\" data-thumbnail=\"\"  itemprop=\"contentUrl\"><div class=\"envira-lazy\" data-test-width=\"300\" data-test-height=\"300\" style=\"padding-bottom:100%;\"><img decoding=\"async\" id=\"envira-gallery-image-654\" class=\"envira-gallery-image envira-gallery-image-2\" data-envira-index=\"2\" src=\"https:\/\/matus.ee\/wp-content\/uploads\/2020\/05\/mnniurn-pstine-tume.jpg\" data-envira-src=\"https:\/\/matus.ee\/wp-content\/uploads\/2020\/05\/mnniurn-pstine-tume.jpg\" data-envira-gallery-id=\"1418\" data-envira-item-id=\"654\" data-envira-caption=\"M&auml;nniurn p&uuml;stine tume\" alt=\"\" title=\"M&amp;auml;nniurn p&amp;uuml;stine tume\"  itemprop=\"thumbnailUrl\" data-envira-srcset=\"https:\/\/matus.ee\/wp-content\/uploads\/2020\/05\/mnniurn-pstine-tume.jpg 400w,https:\/\/matus.ee\/wp-content\/uploads\/2020\/05\/mnniurn-pstine-tume.jpg 2x\" srcset=\"data:image\/gif;base64,R0lGODlhAQABAIAAAP\/\/\/\/\/\/\/yH5BAEKAAEALAAAAAABAAEAAAICTAEAOw==\" \/><\/div><\/a><\/div><\/div><div id=\"envira-gallery-item-651\" class=\"envira-gallery-item enviratope-item envira-gallery-item-3 envira-lazy-load\" style=\"padding-left: 15px; padding-bottom: 30px; padding-right: 15px;\"  itemscope itemtype=\"https:\/\/schema.org\/ImageObject\"><div class=\"envira-gallery-item-inner\"><div class=\"envira-gallery-position-overlay  envira-gallery-top-left\"><\/div><div class=\"envira-gallery-position-overlay  envira-gallery-top-right\"><\/div><div class=\"envira-gallery-position-overlay  envira-gallery-bottom-left\"><\/div><div class=\"envira-gallery-position-overlay  envira-gallery-bottom-right\"><\/div><a href=\"https:\/\/matus.ee\/wp-content\/uploads\/2020\/05\/tammeurn-pstine-hele.jpg\" class=\"envira-gallery-1418 envira-gallery-link\" rel=\"enviragallery1418\" title=\"Tammeurn p&uuml;stine hele\" data-envira-caption=\"Tammeurn p&uuml;stine hele\" data-envira-retina=\"\" data-thumbnail=\"\"  itemprop=\"contentUrl\"><div class=\"envira-lazy\" data-test-width=\"300\" data-test-height=\"300\" style=\"padding-bottom:100%;\"><img decoding=\"async\" id=\"envira-gallery-image-651\" class=\"envira-gallery-image envira-gallery-image-3\" data-envira-index=\"3\" src=\"https:\/\/matus.ee\/wp-content\/uploads\/2020\/05\/tammeurn-pstine-hele.jpg\" data-envira-src=\"https:\/\/matus.ee\/wp-content\/uploads\/2020\/05\/tammeurn-pstine-hele.jpg\" data-envira-gallery-id=\"1418\" data-envira-item-id=\"651\" data-envira-caption=\"Tammeurn p&uuml;stine hele\" alt=\"\" title=\"Tammeurn p&amp;uuml;stine hele\"  itemprop=\"thumbnailUrl\" data-envira-srcset=\"https:\/\/matus.ee\/wp-content\/uploads\/2020\/05\/tammeurn-pstine-hele.jpg 400w,https:\/\/matus.ee\/wp-content\/uploads\/2020\/05\/tammeurn-pstine-hele.jpg 2x\" srcset=\"data:image\/gif;base64,R0lGODlhAQABAIAAAP\/\/\/\/\/\/\/yH5BAEKAAEALAAAAAABAAEAAAICTAEAOw==\" \/><\/div><\/a><\/div><\/div><div id=\"envira-gallery-item-652\" class=\"envira-gallery-item enviratope-item envira-gallery-item-4 envira-lazy-load\" style=\"padding-left: 15px; padding-bottom: 30px; padding-right: 15px;\"  itemscope itemtype=\"https:\/\/schema.org\/ImageObject\"><div class=\"envira-gallery-item-inner\"><div class=\"envira-gallery-position-overlay  envira-gallery-top-left\"><\/div><div class=\"envira-gallery-position-overlay  envira-gallery-top-right\"><\/div><div class=\"envira-gallery-position-overlay  envira-gallery-bottom-left\"><\/div><div class=\"envira-gallery-position-overlay  envira-gallery-bottom-right\"><\/div><a href=\"https:\/\/matus.ee\/wp-content\/uploads\/2020\/05\/tammeurn-lehega.jpg\" class=\"envira-gallery-1418 envira-gallery-link\" rel=\"enviragallery1418\" title=\"Tammeurn lehega\" data-envira-caption=\"Tammeurn lehega\" data-envira-retina=\"\" data-thumbnail=\"\"  itemprop=\"contentUrl\"><div class=\"envira-lazy\" data-test-width=\"300\" data-test-height=\"300\" style=\"padding-bottom:100%;\"><img decoding=\"async\" id=\"envira-gallery-image-652\" class=\"envira-gallery-image envira-gallery-image-4\" data-envira-index=\"4\" src=\"https:\/\/matus.ee\/wp-content\/uploads\/2020\/05\/tammeurn-lehega.jpg\" data-envira-src=\"https:\/\/matus.ee\/wp-content\/uploads\/2020\/05\/tammeurn-lehega.jpg\" data-envira-gallery-id=\"1418\" data-envira-item-id=\"652\" data-envira-caption=\"Tammeurn lehega\" alt=\"\" title=\"Tammeurn lehega\"  itemprop=\"thumbnailUrl\" data-envira-srcset=\"https:\/\/matus.ee\/wp-content\/uploads\/2020\/05\/tammeurn-lehega.jpg 400w,https:\/\/matus.ee\/wp-content\/uploads\/2020\/05\/tammeurn-lehega.jpg 2x\" srcset=\"data:image\/gif;base64,R0lGODlhAQABAIAAAP\/\/\/\/\/\/\/yH5BAEKAAEALAAAAAABAAEAAAICTAEAOw==\" \/><\/div><\/a><\/div><\/div><div id=\"envira-gallery-item-653\" class=\"envira-gallery-item enviratope-item envira-gallery-item-5 envira-lazy-load\" style=\"padding-left: 15px; padding-bottom: 30px; padding-right: 15px;\"  itemscope itemtype=\"https:\/\/schema.org\/ImageObject\"><div class=\"envira-gallery-item-inner\"><div class=\"envira-gallery-position-overlay  envira-gallery-top-left\"><\/div><div class=\"envira-gallery-position-overlay  envira-gallery-top-right\"><\/div><div class=\"envira-gallery-position-overlay  envira-gallery-bottom-left\"><\/div><div class=\"envira-gallery-position-overlay  envira-gallery-bottom-right\"><\/div><a href=\"https:\/\/matus.ee\/wp-content\/uploads\/2020\/05\/tammelaegas.jpg\" class=\"envira-gallery-1418 envira-gallery-link\" rel=\"enviragallery1418\" title=\"Tammelaegas\" data-envira-caption=\"Tammelaegas\" data-envira-retina=\"\" data-thumbnail=\"\"  itemprop=\"contentUrl\"><div class=\"envira-lazy\" data-test-width=\"300\" data-test-height=\"300\" style=\"padding-bottom:100%;\"><img decoding=\"async\" id=\"envira-gallery-image-653\" class=\"envira-gallery-image envira-gallery-image-5\" data-envira-index=\"5\" src=\"https:\/\/matus.ee\/wp-content\/uploads\/2020\/05\/tammelaegas.jpg\" data-envira-src=\"https:\/\/matus.ee\/wp-content\/uploads\/2020\/05\/tammelaegas.jpg\" data-envira-gallery-id=\"1418\" data-envira-item-id=\"653\" data-envira-caption=\"Tammelaegas\" alt=\"\" title=\"Tammelaegas\"  itemprop=\"thumbnailUrl\" data-envira-srcset=\"https:\/\/matus.ee\/wp-content\/uploads\/2020\/05\/tammelaegas.jpg 400w,https:\/\/matus.ee\/wp-content\/uploads\/2020\/05\/tammelaegas.jpg 2x\" srcset=\"data:image\/gif;base64,R0lGODlhAQABAIAAAP\/\/\/\/\/\/\/yH5BAEKAAEALAAAAAABAAEAAAICTAEAOw==\" \/><\/div><\/a><\/div><\/div><div id=\"envira-gallery-item-799\" class=\"envira-gallery-item enviratope-item envira-gallery-item-6 envira-lazy-load\" style=\"padding-left: 15px; padding-bottom: 30px; padding-right: 15px;\"  itemscope itemtype=\"https:\/\/schema.org\/ImageObject\"><div class=\"envira-gallery-item-inner\"><div class=\"envira-gallery-position-overlay  envira-gallery-top-left\"><\/div><div class=\"envira-gallery-position-overlay  envira-gallery-top-right\"><\/div><div class=\"envira-gallery-position-overlay  envira-gallery-bottom-left\"><\/div><div class=\"envira-gallery-position-overlay  envira-gallery-bottom-right\"><\/div><a href=\"https:\/\/matus.ee\/wp-content\/uploads\/2020\/07\/urn-kirst-tume.jpg\" class=\"envira-gallery-1418 envira-gallery-link\" rel=\"enviragallery1418\" title=\"Urn kirst tume\" data-envira-caption=\"Urn kirst tume\" data-envira-retina=\"\" data-thumbnail=\"\"  itemprop=\"contentUrl\"><div class=\"envira-lazy\" data-test-width=\"300\" data-test-height=\"300\" style=\"padding-bottom:100%;\"><img decoding=\"async\" id=\"envira-gallery-image-799\" class=\"envira-gallery-image envira-gallery-image-6\" data-envira-index=\"6\" src=\"https:\/\/matus.ee\/wp-content\/uploads\/2020\/07\/urn-kirst-tume.jpg\" data-envira-src=\"https:\/\/matus.ee\/wp-content\/uploads\/2020\/07\/urn-kirst-tume.jpg\" data-envira-gallery-id=\"1418\" data-envira-item-id=\"799\" data-envira-caption=\"Urn kirst tume\" alt=\"\" title=\"Urn kirst tume\"  itemprop=\"thumbnailUrl\" data-envira-srcset=\"https:\/\/matus.ee\/wp-content\/uploads\/2020\/07\/urn-kirst-tume.jpg 400w,https:\/\/matus.ee\/wp-content\/uploads\/2020\/07\/urn-kirst-tume.jpg 2x\" srcset=\"data:image\/gif;base64,R0lGODlhAQABAIAAAP\/\/\/\/\/\/\/yH5BAEKAAEALAAAAAABAAEAAAICTAEAOw==\" \/><\/div><\/a><\/div><\/div><div id=\"envira-gallery-item-798\" class=\"envira-gallery-item enviratope-item envira-gallery-item-7 envira-lazy-load\" style=\"padding-left: 15px; padding-bottom: 30px; padding-right: 15px;\"  itemscope itemtype=\"https:\/\/schema.org\/ImageObject\"><div class=\"envira-gallery-item-inner\"><div class=\"envira-gallery-position-overlay  envira-gallery-top-left\"><\/div><div class=\"envira-gallery-position-overlay  envira-gallery-top-right\"><\/div><div class=\"envira-gallery-position-overlay  envira-gallery-bottom-left\"><\/div><div class=\"envira-gallery-position-overlay  envira-gallery-bottom-right\"><\/div><a href=\"https:\/\/matus.ee\/wp-content\/uploads\/2020\/07\/urn-kirst-hele.jpg\" class=\"envira-gallery-1418 envira-gallery-link\" rel=\"enviragallery1418\" title=\"Urn kirst hele\" data-envira-caption=\"Urn kirst hele\" data-envira-retina=\"\" data-thumbnail=\"\"  itemprop=\"contentUrl\"><div class=\"envira-lazy\" data-test-width=\"300\" data-test-height=\"300\" style=\"padding-bottom:100%;\"><img decoding=\"async\" id=\"envira-gallery-image-798\" class=\"envira-gallery-image envira-gallery-image-7\" data-envira-index=\"7\" src=\"https:\/\/matus.ee\/wp-content\/uploads\/2020\/07\/urn-kirst-hele.jpg\" data-envira-src=\"https:\/\/matus.ee\/wp-content\/uploads\/2020\/07\/urn-kirst-hele.jpg\" data-envira-gallery-id=\"1418\" data-envira-item-id=\"798\" data-envira-caption=\"Urn kirst hele\" alt=\"\" title=\"Urn kirst hele\"  itemprop=\"thumbnailUrl\" data-envira-srcset=\"https:\/\/matus.ee\/wp-content\/uploads\/2020\/07\/urn-kirst-hele.jpg 400w,https:\/\/matus.ee\/wp-content\/uploads\/2020\/07\/urn-kirst-hele.jpg 2x\" srcset=\"data:image\/gif;base64,R0lGODlhAQABAIAAAP\/\/\/\/\/\/\/yH5BAEKAAEALAAAAAABAAEAAAICTAEAOw==\" \/><\/div><\/a><\/div><\/div><\/div><\/div><noscript><img decoding=\"async\" src=\"https:\/\/matus.ee\/wp-content\/uploads\/2020\/05\/mnniurn-pstine-hele.jpg\" alt=\"\" \/><img decoding=\"async\" src=\"https:\/\/matus.ee\/wp-content\/uploads\/2020\/05\/mnniurn-pstine-tume.jpg\" alt=\"\" \/><img decoding=\"async\" src=\"https:\/\/matus.ee\/wp-content\/uploads\/2020\/05\/tammeurn-pstine-hele.jpg\" alt=\"\" \/><img decoding=\"async\" src=\"https:\/\/matus.ee\/wp-content\/uploads\/2020\/05\/tammeurn-lehega.jpg\" alt=\"\" \/><img decoding=\"async\" src=\"https:\/\/matus.ee\/wp-content\/uploads\/2020\/05\/tammelaegas.jpg\" alt=\"\" \/><img decoding=\"async\" src=\"https:\/\/matus.ee\/wp-content\/uploads\/2020\/07\/urn-kirst-tume.jpg\" alt=\"\" \/><img decoding=\"async\" src=\"https:\/\/matus.ee\/wp-content\/uploads\/2020\/07\/urn-kirst-hele.jpg\" alt=\"\" \/><\/noscript>\n","protected":false},"excerpt":{"rendered":"","protected":false},"author":2,"featured_media":0,"parent":0,"menu_order":0,"comment_status":"closed","ping_status":"closed","template":"","meta":{"_acf_changed":false,"footnotes":""},"class_list":["post-1474","page","type-page","status-publish","hentry"],"acf":[],"yoast_head":"<!-- This site is optimized with the Yoast SEO plugin v25.6 - https:\/\/yoast.com\/wordpress\/plugins\/seo\/ -->\n<title>\u0423\u0440\u043d\u044b &#8212; Tallinna Matuseb\u00fcroo O\u00dc<\/title>\n<meta name=\"robots\" content=\"index, follow, max-snippet:-1, max-image-preview:large, max-video-preview:-1\" \/>\n<link rel=\"canonical\" href=\"https:\/\/matus.ee\/ru\/%d1%83%d1%80%d0%bd%d1%8b\/\" \/>\n<meta property=\"og:locale\" content=\"ru_RU\" \/>\n<meta property=\"og:type\" content=\"article\" \/>\n<meta property=\"og:title\" content=\"\u0423\u0440\u043d\u044b &#8212; Tallinna Matuseb\u00fcroo O\u00dc\" \/>\n<meta property=\"og:url\" content=\"https:\/\/matus.ee\/ru\/%d1%83%d1%80%d0%bd%d1%8b\/\" \/>\n<meta property=\"og:site_name\" content=\"Tallinna Matuseb\u00fcroo O\u00dc\" \/>\n<meta property=\"article:modified_time\" content=\"2022-11-01T07:42:08+00:00\" \/>\n<meta name=\"twitter:card\" content=\"summary_large_image\" \/>\n<meta name=\"twitter:label1\" content=\"\u041f\u0440\u0438\u043c\u0435\u0440\u043d\u043e\u0435 \u0432\u0440\u0435\u043c\u044f \u0434\u043b\u044f \u0447\u0442\u0435\u043d\u0438\u044f\" \/>\n\t<meta name=\"twitter:data1\" content=\"1 \u043c\u0438\u043d\u0443\u0442\u0430\" \/>\n<script type=\"application\/ld+json\" class=\"yoast-schema-graph\">{\"@context\":\"https:\/\/schema.org\",\"@graph\":[{\"@type\":\"WebPage\",\"@id\":\"https:\/\/matus.ee\/ru\/%d1%83%d1%80%d0%bd%d1%8b\/\",\"url\":\"https:\/\/matus.ee\/ru\/%d1%83%d1%80%d0%bd%d1%8b\/\",\"name\":\"\u0423\u0440\u043d\u044b &#8212; Tallinna Matuseb\u00fcroo O\u00dc\",\"isPartOf\":{\"@id\":\"https:\/\/matus.ee\/ru\/#website\"},\"datePublished\":\"2022-11-01T07:39:39+00:00\",\"dateModified\":\"2022-11-01T07:42:08+00:00\",\"breadcrumb\":{\"@id\":\"https:\/\/matus.ee\/ru\/%d1%83%d1%80%d0%bd%d1%8b\/#breadcrumb\"},\"inLanguage\":\"ru-RU\",\"potentialAction\":[{\"@type\":\"ReadAction\",\"target\":[\"https:\/\/matus.ee\/ru\/%d1%83%d1%80%d0%bd%d1%8b\/\"]}]},{\"@type\":\"BreadcrumbList\",\"@id\":\"https:\/\/matus.ee\/ru\/%d1%83%d1%80%d0%bd%d1%8b\/#breadcrumb\",\"itemListElement\":[{\"@type\":\"ListItem\",\"position\":1,\"name\":\"Avaleht\",\"item\":\"https:\/\/matus.ee\/ru\/\"},{\"@type\":\"ListItem\",\"position\":2,\"name\":\"\u0423\u0440\u043d\u044b\"}]},{\"@type\":\"WebSite\",\"@id\":\"https:\/\/matus.ee\/ru\/#website\",\"url\":\"https:\/\/matus.ee\/ru\/\",\"name\":\"Tallinna Matuseb\u00fcroo O\u00dc\",\"description\":\"K\u00f5ik Matuseteenused\",\"publisher\":{\"@id\":\"https:\/\/matus.ee\/ru\/#organization\"},\"potentialAction\":[{\"@type\":\"SearchAction\",\"target\":{\"@type\":\"EntryPoint\",\"urlTemplate\":\"https:\/\/matus.ee\/ru\/?s={search_term_string}\"},\"query-input\":{\"@type\":\"PropertyValueSpecification\",\"valueRequired\":true,\"valueName\":\"search_term_string\"}}],\"inLanguage\":\"ru-RU\"},{\"@type\":\"Organization\",\"@id\":\"https:\/\/matus.ee\/ru\/#organization\",\"name\":\"Tallinna matuseb\u00fcroo\",\"url\":\"https:\/\/matus.ee\/ru\/\",\"logo\":{\"@type\":\"ImageObject\",\"inLanguage\":\"ru-RU\",\"@id\":\"https:\/\/matus.ee\/ru\/#\/schema\/logo\/image\/\",\"url\":\"https:\/\/matus.ee\/wp-content\/uploads\/2020\/05\/logo_1.png\",\"contentUrl\":\"https:\/\/matus.ee\/wp-content\/uploads\/2020\/05\/logo_1.png\",\"width\":1920,\"height\":446,\"caption\":\"Tallinna matuseb\u00fcroo\"},\"image\":{\"@id\":\"https:\/\/matus.ee\/ru\/#\/schema\/logo\/image\/\"}}]}<\/script>\n<!-- \/ Yoast SEO plugin. -->","yoast_head_json":{"title":"\u0423\u0440\u043d\u044b &#8212; Tallinna Matuseb\u00fcroo O\u00dc","robots":{"index":"index","follow":"follow","max-snippet":"max-snippet:-1","max-image-preview":"max-image-preview:large","max-video-preview":"max-video-preview:-1"},"canonical":"https:\/\/matus.ee\/ru\/%d1%83%d1%80%d0%bd%d1%8b\/","og_locale":"ru_RU","og_type":"article","og_title":"\u0423\u0440\u043d\u044b &#8212; Tallinna Matuseb\u00fcroo O\u00dc","og_url":"https:\/\/matus.ee\/ru\/%d1%83%d1%80%d0%bd%d1%8b\/","og_site_name":"Tallinna Matuseb\u00fcroo O\u00dc","article_modified_time":"2022-11-01T07:42:08+00:00","twitter_card":"summary_large_image","twitter_misc":{"\u041f\u0440\u0438\u043c\u0435\u0440\u043d\u043e\u0435 \u0432\u0440\u0435\u043c\u044f \u0434\u043b\u044f \u0447\u0442\u0435\u043d\u0438\u044f":"1 \u043c\u0438\u043d\u0443\u0442\u0430"},"schema":{"@context":"https:\/\/schema.org","@graph":[{"@type":"WebPage","@id":"https:\/\/matus.ee\/ru\/%d1%83%d1%80%d0%bd%d1%8b\/","url":"https:\/\/matus.ee\/ru\/%d1%83%d1%80%d0%bd%d1%8b\/","name":"\u0423\u0440\u043d\u044b &#8212; Tallinna Matuseb\u00fcroo O\u00dc","isPartOf":{"@id":"https:\/\/matus.ee\/ru\/#website"},"datePublished":"2022-11-01T07:39:39+00:00","dateModified":"2022-11-01T07:42:08+00:00","breadcrumb":{"@id":"https:\/\/matus.ee\/ru\/%d1%83%d1%80%d0%bd%d1%8b\/#breadcrumb"},"inLanguage":"ru-RU","potentialAction":[{"@type":"ReadAction","target":["https:\/\/matus.ee\/ru\/%d1%83%d1%80%d0%bd%d1%8b\/"]}]},{"@type":"BreadcrumbList","@id":"https:\/\/matus.ee\/ru\/%d1%83%d1%80%d0%bd%d1%8b\/#breadcrumb","itemListElement":[{"@type":"ListItem","position":1,"name":"Avaleht","item":"https:\/\/matus.ee\/ru\/"},{"@type":"ListItem","position":2,"name":"\u0423\u0440\u043d\u044b"}]},{"@type":"WebSite","@id":"https:\/\/matus.ee\/ru\/#website","url":"https:\/\/matus.ee\/ru\/","name":"Tallinna Matuseb\u00fcroo O\u00dc","description":"K\u00f5ik Matuseteenused","publisher":{"@id":"https:\/\/matus.ee\/ru\/#organization"},"potentialAction":[{"@type":"SearchAction","target":{"@type":"EntryPoint","urlTemplate":"https:\/\/matus.ee\/ru\/?s={search_term_string}"},"query-input":{"@type":"PropertyValueSpecification","valueRequired":true,"valueName":"search_term_string"}}],"inLanguage":"ru-RU"},{"@type":"Organization","@id":"https:\/\/matus.ee\/ru\/#organization","name":"Tallinna matuseb\u00fcroo","url":"https:\/\/matus.ee\/ru\/","logo":{"@type":"ImageObject","inLanguage":"ru-RU","@id":"https:\/\/matus.ee\/ru\/#\/schema\/logo\/image\/","url":"https:\/\/matus.ee\/wp-content\/uploads\/2020\/05\/logo_1.png","contentUrl":"https:\/\/matus.ee\/wp-content\/uploads\/2020\/05\/logo_1.png","width":1920,"height":446,"caption":"Tallinna matuseb\u00fcroo"},"image":{"@id":"https:\/\/matus.ee\/ru\/#\/schema\/logo\/image\/"}}]}},"_links":{"self":[{"href":"https:\/\/matus.ee\/ru\/wp-json\/wp\/v2\/pages\/1474","targetHints":{"allow":["GET"]}}],"collection":[{"href":"https:\/\/matus.ee\/ru\/wp-json\/wp\/v2\/pages"}],"about":[{"href":"https:\/\/matus.ee\/ru\/wp-json\/wp\/v2\/types\/page"}],"author":[{"embeddable":true,"href":"https:\/\/matus.ee\/ru\/wp-json\/wp\/v2\/users\/2"}],"replies":[{"embeddable":true,"href":"https:\/\/matus.ee\/ru\/wp-json\/wp\/v2\/comments?post=1474"}],"version-history":[{"count":2,"href":"https:\/\/matus.ee\/ru\/wp-json\/wp\/v2\/pages\/1474\/revisions"}],"predecessor-version":[{"id":1476,"href":"https:\/\/matus.ee\/ru\/wp-json\/wp\/v2\/pages\/1474\/revisions\/1476"}],"wp:attachment":[{"href":"https:\/\/matus.ee\/ru\/wp-json\/wp\/v2\/media?parent=1474"}],"curies":[{"name":"wp","href":"https:\/\/api.w.org\/{rel}","templated":true}]}}