{"id":1244,"date":"2020-05-13T11:55:28","date_gmt":"2020-05-13T09:55:28","guid":{"rendered":"https:\/\/matus.ee\/minu-kasutaja\/"},"modified":"2021-04-23T09:27:26","modified_gmt":"2021-04-23T07:27:26","slug":"%d0%bc%d0%be%d0%b9-%d0%b0%d0%ba%d0%ba%d0%b0%d1%83%d0%bd%d1%82","status":"publish","type":"page","link":"https:\/\/matus.ee\/ru\/%d0%bc%d0%be%d0%b9-%d0%b0%d0%ba%d0%ba%d0%b0%d1%83%d0%bd%d1%82\/","title":{"rendered":"\u041c\u043e\u0439 \u0430\u043a\u043a\u0430\u0443\u043d\u0442"},"content":{"rendered":"<div class=\"woocommerce\"><\/div>\n","protected":false},"excerpt":{"rendered":"","protected":false},"author":1,"featured_media":0,"parent":0,"menu_order":0,"comment_status":"closed","ping_status":"closed","template":"","meta":{"_acf_changed":false,"footnotes":""},"class_list":["post-1244","page","type-page","status-publish","hentry"],"acf":[],"yoast_head":"<!-- This site is optimized with the Yoast SEO plugin v25.6 - https:\/\/yoast.com\/wordpress\/plugins\/seo\/ -->\n<title>\u041c\u043e\u0439 \u0430\u043a\u043a\u0430\u0443\u043d\u0442 &#8212; Tallinna Matuseb\u00fcroo O\u00dc<\/title>\n<meta name=\"robots\" content=\"index, follow, max-snippet:-1, max-image-preview:large, max-video-preview:-1\" \/>\n<link rel=\"canonical\" href=\"https:\/\/matus.ee\/ru\/%d0%bc%d0%be%d0%b9-%d0%b0%d0%ba%d0%ba%d0%b0%d1%83%d0%bd%d1%82\/\" \/>\n<meta property=\"og:locale\" content=\"ru_RU\" \/>\n<meta property=\"og:type\" content=\"article\" \/>\n<meta property=\"og:title\" content=\"\u041c\u043e\u0439 \u0430\u043a\u043a\u0430\u0443\u043d\u0442 &#8212; Tallinna Matuseb\u00fcroo O\u00dc\" \/>\n<meta property=\"og:url\" content=\"https:\/\/matus.ee\/ru\/%d0%bc%d0%be%d0%b9-%d0%b0%d0%ba%d0%ba%d0%b0%d1%83%d0%bd%d1%82\/\" \/>\n<meta property=\"og:site_name\" content=\"Tallinna Matuseb\u00fcroo O\u00dc\" \/>\n<meta property=\"article:modified_time\" content=\"2021-04-23T07:27:26+00:00\" \/>\n<meta name=\"twitter:card\" content=\"summary_large_image\" \/>\n<script type=\"application\/ld+json\" class=\"yoast-schema-graph\">{\"@context\":\"https:\/\/schema.org\",\"@graph\":[{\"@type\":\"WebPage\",\"@id\":\"https:\/\/matus.ee\/ru\/%d0%bc%d0%be%d0%b9-%d0%b0%d0%ba%d0%ba%d0%b0%d1%83%d0%bd%d1%82\/\",\"url\":\"https:\/\/matus.ee\/ru\/%d0%bc%d0%be%d0%b9-%d0%b0%d0%ba%d0%ba%d0%b0%d1%83%d0%bd%d1%82\/\",\"name\":\"\u041c\u043e\u0439 \u0430\u043a\u043a\u0430\u0443\u043d\u0442 &#8212; Tallinna Matuseb\u00fcroo O\u00dc\",\"isPartOf\":{\"@id\":\"https:\/\/matus.ee\/ru\/#website\"},\"datePublished\":\"2020-05-13T09:55:28+00:00\",\"dateModified\":\"2021-04-23T07:27:26+00:00\",\"breadcrumb\":{\"@id\":\"https:\/\/matus.ee\/ru\/%d0%bc%d0%be%d0%b9-%d0%b0%d0%ba%d0%ba%d0%b0%d1%83%d0%bd%d1%82\/#breadcrumb\"},\"inLanguage\":\"ru-RU\",\"potentialAction\":[{\"@type\":\"ReadAction\",\"target\":[\"https:\/\/matus.ee\/ru\/%d0%bc%d0%be%d0%b9-%d0%b0%d0%ba%d0%ba%d0%b0%d1%83%d0%bd%d1%82\/\"]}]},{\"@type\":\"BreadcrumbList\",\"@id\":\"https:\/\/matus.ee\/ru\/%d0%bc%d0%be%d0%b9-%d0%b0%d0%ba%d0%ba%d0%b0%d1%83%d0%bd%d1%82\/#breadcrumb\",\"itemListElement\":[{\"@type\":\"ListItem\",\"position\":1,\"name\":\"Avaleht\",\"item\":\"https:\/\/matus.ee\/ru\/\"},{\"@type\":\"ListItem\",\"position\":2,\"name\":\"\u041c\u043e\u0439 \u0430\u043a\u043a\u0430\u0443\u043d\u0442\"}]},{\"@type\":\"WebSite\",\"@id\":\"https:\/\/matus.ee\/ru\/#website\",\"url\":\"https:\/\/matus.ee\/ru\/\",\"name\":\"Tallinna Matuseb\u00fcroo O\u00dc\",\"description\":\"K\u00f5ik Matuseteenused\",\"publisher\":{\"@id\":\"https:\/\/matus.ee\/ru\/#organization\"},\"potentialAction\":[{\"@type\":\"SearchAction\",\"target\":{\"@type\":\"EntryPoint\",\"urlTemplate\":\"https:\/\/matus.ee\/ru\/?s={search_term_string}\"},\"query-input\":{\"@type\":\"PropertyValueSpecification\",\"valueRequired\":true,\"valueName\":\"search_term_string\"}}],\"inLanguage\":\"ru-RU\"},{\"@type\":\"Organization\",\"@id\":\"https:\/\/matus.ee\/ru\/#organization\",\"name\":\"Tallinna matuseb\u00fcroo\",\"url\":\"https:\/\/matus.ee\/ru\/\",\"logo\":{\"@type\":\"ImageObject\",\"inLanguage\":\"ru-RU\",\"@id\":\"https:\/\/matus.ee\/ru\/#\/schema\/logo\/image\/\",\"url\":\"https:\/\/matus.ee\/wp-content\/uploads\/2020\/05\/logo_1.png\",\"contentUrl\":\"https:\/\/matus.ee\/wp-content\/uploads\/2020\/05\/logo_1.png\",\"width\":1920,\"height\":446,\"caption\":\"Tallinna matuseb\u00fcroo\"},\"image\":{\"@id\":\"https:\/\/matus.ee\/ru\/#\/schema\/logo\/image\/\"}}]}<\/script>\n<!-- \/ Yoast SEO plugin. -->","yoast_head_json":{"title":"\u041c\u043e\u0439 \u0430\u043a\u043a\u0430\u0443\u043d\u0442 &#8212; Tallinna Matuseb\u00fcroo O\u00dc","robots":{"index":"index","follow":"follow","max-snippet":"max-snippet:-1","max-image-preview":"max-image-preview:large","max-video-preview":"max-video-preview:-1"},"canonical":"https:\/\/matus.ee\/ru\/%d0%bc%d0%be%d0%b9-%d0%b0%d0%ba%d0%ba%d0%b0%d1%83%d0%bd%d1%82\/","og_locale":"ru_RU","og_type":"article","og_title":"\u041c\u043e\u0439 \u0430\u043a\u043a\u0430\u0443\u043d\u0442 &#8212; Tallinna Matuseb\u00fcroo O\u00dc","og_url":"https:\/\/matus.ee\/ru\/%d0%bc%d0%be%d0%b9-%d0%b0%d0%ba%d0%ba%d0%b0%d1%83%d0%bd%d1%82\/","og_site_name":"Tallinna Matuseb\u00fcroo O\u00dc","article_modified_time":"2021-04-23T07:27:26+00:00","twitter_card":"summary_large_image","schema":{"@context":"https:\/\/schema.org","@graph":[{"@type":"WebPage","@id":"https:\/\/matus.ee\/ru\/%d0%bc%d0%be%d0%b9-%d0%b0%d0%ba%d0%ba%d0%b0%d1%83%d0%bd%d1%82\/","url":"https:\/\/matus.ee\/ru\/%d0%bc%d0%be%d0%b9-%d0%b0%d0%ba%d0%ba%d0%b0%d1%83%d0%bd%d1%82\/","name":"\u041c\u043e\u0439 \u0430\u043a\u043a\u0430\u0443\u043d\u0442 &#8212; Tallinna Matuseb\u00fcroo O\u00dc","isPartOf":{"@id":"https:\/\/matus.ee\/ru\/#website"},"datePublished":"2020-05-13T09:55:28+00:00","dateModified":"2021-04-23T07:27:26+00:00","breadcrumb":{"@id":"https:\/\/matus.ee\/ru\/%d0%bc%d0%be%d0%b9-%d0%b0%d0%ba%d0%ba%d0%b0%d1%83%d0%bd%d1%82\/#breadcrumb"},"inLanguage":"ru-RU","potentialAction":[{"@type":"ReadAction","target":["https:\/\/matus.ee\/ru\/%d0%bc%d0%be%d0%b9-%d0%b0%d0%ba%d0%ba%d0%b0%d1%83%d0%bd%d1%82\/"]}]},{"@type":"BreadcrumbList","@id":"https:\/\/matus.ee\/ru\/%d0%bc%d0%be%d0%b9-%d0%b0%d0%ba%d0%ba%d0%b0%d1%83%d0%bd%d1%82\/#breadcrumb","itemListElement":[{"@type":"ListItem","position":1,"name":"Avaleht","item":"https:\/\/matus.ee\/ru\/"},{"@type":"ListItem","position":2,"name":"\u041c\u043e\u0439 \u0430\u043a\u043a\u0430\u0443\u043d\u0442"}]},{"@type":"WebSite","@id":"https:\/\/matus.ee\/ru\/#website","url":"https:\/\/matus.ee\/ru\/","name":"Tallinna Matuseb\u00fcroo O\u00dc","description":"K\u00f5ik Matuseteenused","publisher":{"@id":"https:\/\/matus.ee\/ru\/#organization"},"potentialAction":[{"@type":"SearchAction","target":{"@type":"EntryPoint","urlTemplate":"https:\/\/matus.ee\/ru\/?s={search_term_string}"},"query-input":{"@type":"PropertyValueSpecification","valueRequired":true,"valueName":"search_term_string"}}],"inLanguage":"ru-RU"},{"@type":"Organization","@id":"https:\/\/matus.ee\/ru\/#organization","name":"Tallinna matuseb\u00fcroo","url":"https:\/\/matus.ee\/ru\/","logo":{"@type":"ImageObject","inLanguage":"ru-RU","@id":"https:\/\/matus.ee\/ru\/#\/schema\/logo\/image\/","url":"https:\/\/matus.ee\/wp-content\/uploads\/2020\/05\/logo_1.png","contentUrl":"https:\/\/matus.ee\/wp-content\/uploads\/2020\/05\/logo_1.png","width":1920,"height":446,"caption":"Tallinna matuseb\u00fcroo"},"image":{"@id":"https:\/\/matus.ee\/ru\/#\/schema\/logo\/image\/"}}]}},"_links":{"self":[{"href":"https:\/\/matus.ee\/ru\/wp-json\/wp\/v2\/pages\/1244","targetHints":{"allow":["GET"]}}],"collection":[{"href":"https:\/\/matus.ee\/ru\/wp-json\/wp\/v2\/pages"}],"about":[{"href":"https:\/\/matus.ee\/ru\/wp-json\/wp\/v2\/types\/page"}],"author":[{"embeddable":true,"href":"https:\/\/matus.ee\/ru\/wp-json\/wp\/v2\/users\/1"}],"replies":[{"embeddable":true,"href":"https:\/\/matus.ee\/ru\/wp-json\/wp\/v2\/comments?post=1244"}],"version-history":[{"count":1,"href":"https:\/\/matus.ee\/ru\/wp-json\/wp\/v2\/pages\/1244\/revisions"}],"predecessor-version":[{"id":1250,"href":"https:\/\/matus.ee\/ru\/wp-json\/wp\/v2\/pages\/1244\/revisions\/1250"}],"wp:attachment":[{"href":"https:\/\/matus.ee\/ru\/wp-json\/wp\/v2\/media?parent=1244"}],"curies":[{"name":"wp","href":"https:\/\/api.w.org\/{rel}","templated":true}]}}