{"id":1227,"date":"2020-05-15T15:18:03","date_gmt":"2020-05-15T13:18:03","guid":{"rendered":"https:\/\/matus.ee\/matusetransport\/"},"modified":"2023-06-30T12:57:01","modified_gmt":"2023-06-30T10:57:01","slug":"%d0%b0%d0%b2%d1%82%d0%be%d0%ba%d0%b0%d1%82%d0%b0%d1%84%d0%b0%d0%bb%d0%ba%d0%b8","status":"publish","type":"page","link":"https:\/\/matus.ee\/ru\/%d0%b0%d0%b2%d1%82%d0%be%d0%ba%d0%b0%d1%82%d0%b0%d1%84%d0%b0%d0%bb%d0%ba%d0%b8\/","title":{"rendered":"\u0410\u0432\u0442\u043e\u043a\u0430\u0442\u0430\u0444\u0430\u043b\u043a\u0438"},"content":{"rendered":"[vc_section full_width=&#187;stretch_row&#187; el_class=&#187;colored-section&#187; css=&#187;.vc_custom_1589790960590{padding-top: 3rem !important;padding-bottom: 3rem !important;}&#187;][vc_row][vc_column][vc_acf field_group=&#187;358&#8243; field_from_358=&#187;field_5ec248344fc06&#8243;][\/vc_column][\/vc_row][vc_row][vc_column width=&#187;1\/2&#8243;][vc_gallery interval=&#187;3&#8243; images=&#187;854,855,852,853&#8243; img_size=&#187;full&#187; css=&#187;.vc_custom_1662966167190{padding-top: 50px !important;padding-right: 50px !important;padding-bottom: 50px !important;padding-left: 50px !important;border-radius: 25px !important;}&#187; title=&#187;Mercedes-Benz 2019&#8243;][\/vc_column][vc_column width=&#187;1\/2&#8243;][vc_gallery interval=&#187;3&#8243; images=&#187;862,860,859,857&#8243; img_size=&#187;full&#187; css=&#187;.vc_custom_1662966174448{padding-top: 50px !important;padding-right: 50px !important;padding-bottom: 50px !important;padding-left: 50px !important;border-radius: 25px !important;}&#187; title=&#187;Mercedes-Benz 2017&#8243;][\/vc_column][\/vc_row][\/vc_section][vc_row][vc_column width=&#187;1\/2&#8243;][vc_gallery interval=&#187;3&#8243; images=&#187;249,1373,1371,1369&#8243; img_size=&#187;full&#187; css=&#187;.vc_custom_1662966179294{padding-top: 50px !important;padding-right: 50px !important;padding-bottom: 50px !important;padding-left: 50px !important;border-radius: 25px !important;}&#187; title=&#187;Volkswagen Caddy&#187;][\/vc_column][vc_column width=&#187;1\/2&#8243;][\/vc_column][\/vc_row]\n","protected":false},"excerpt":{"rendered":"<p>[vc_section full_width=&#187;stretch_row&#187; el_class=&#187;colored-section&#187; css=&#187;.vc_custom_1589790960590{padding-top: 3rem !important;padding-bottom: 3rem !important;}&#187;][vc_row][vc_column][vc_acf field_group=&#187;358&#8243; field_from_358=&#187;field_5ec248344fc06&#8243;][\/vc_column][\/vc_row][vc_row][vc_column width=&#187;1\/2&#8243;][vc_gallery interval=&#187;3&#8243; images=&#187;854,855,852,853&#8243; img_size=&#187;full&#187; css=&#187;.vc_custom_1662966167190{padding-top: 50px !important;padding-right: 50px !important;padding-bottom: 50px !important;padding-left: 50px !important;border-radius: 25px !important;}&#187; title=&#187;Mercedes-Benz 2019&#8243;][\/vc_column][vc_column width=&#187;1\/2&#8243;][vc_gallery interval=&#187;3&#8243; images=&#187;862,860,859,857&#8243; img_size=&#187;full&#187; css=&#187;.vc_custom_1662966174448{padding-top: 50px !important;padding-right: 50px !important;padding-bottom: 50px !important;padding-left: 50px !important;border-radius: 25px !important;}&#187; title=&#187;Mercedes-Benz 2017&#8243;][\/vc_column][\/vc_row][\/vc_section][vc_row][vc_column width=&#187;1\/2&#8243;][vc_gallery interval=&#187;3&#8243; images=&#187;249,1373,1371,1369&#8243; img_size=&#187;full&#187; css=&#187;.vc_custom_1662966179294{padding-top: 50px !important;padding-right: 50px !important;padding-bottom: 50px !important;padding-left: [&hellip;]<\/p>\n","protected":false},"author":1,"featured_media":0,"parent":0,"menu_order":0,"comment_status":"closed","ping_status":"closed","template":"","meta":{"_acf_changed":false,"footnotes":""},"class_list":["post-1227","page","type-page","status-publish","hentry"],"acf":[],"yoast_head":"<!-- This site is optimized with the Yoast SEO plugin v25.6 - https:\/\/yoast.com\/wordpress\/plugins\/seo\/ -->\n<title>\u0410\u0432\u0442\u043e\u043a\u0430\u0442\u0430\u0444\u0430\u043b\u043a\u0438 &#8212; Tallinna Matuseb\u00fcroo O\u00dc<\/title>\n<meta name=\"robots\" content=\"index, follow, max-snippet:-1, max-image-preview:large, max-video-preview:-1\" \/>\n<link rel=\"canonical\" href=\"https:\/\/matus.ee\/ru\/%d0%b0%d0%b2%d1%82%d0%be%d0%ba%d0%b0%d1%82%d0%b0%d1%84%d0%b0%d0%bb%d0%ba%d0%b8\/\" \/>\n<meta property=\"og:locale\" content=\"ru_RU\" \/>\n<meta property=\"og:type\" content=\"article\" \/>\n<meta property=\"og:title\" content=\"\u0410\u0432\u0442\u043e\u043a\u0430\u0442\u0430\u0444\u0430\u043b\u043a\u0438 &#8212; Tallinna Matuseb\u00fcroo O\u00dc\" \/>\n<meta property=\"og:description\" content=\"[vc_section full_width=&#187;stretch_row&#187; el_class=&#187;colored-section&#187; css=&#187;.vc_custom_1589790960590{padding-top: 3rem !important;padding-bottom: 3rem !important;}&#187;][vc_row][vc_column][vc_acf field_group=&#187;358&#8243; field_from_358=&#187;field_5ec248344fc06&#8243;][\/vc_column][\/vc_row][vc_row][vc_column width=&#187;1\/2&#8243;][vc_gallery interval=&#187;3&#8243; images=&#187;854,855,852,853&#8243; img_size=&#187;full&#187; css=&#187;.vc_custom_1662966167190{padding-top: 50px !important;padding-right: 50px !important;padding-bottom: 50px !important;padding-left: 50px !important;border-radius: 25px !important;}&#187; title=&#187;Mercedes-Benz 2019&#8243;][\/vc_column][vc_column width=&#187;1\/2&#8243;][vc_gallery interval=&#187;3&#8243; images=&#187;862,860,859,857&#8243; img_size=&#187;full&#187; css=&#187;.vc_custom_1662966174448{padding-top: 50px !important;padding-right: 50px !important;padding-bottom: 50px !important;padding-left: 50px !important;border-radius: 25px !important;}&#187; title=&#187;Mercedes-Benz 2017&#8243;][\/vc_column][\/vc_row][\/vc_section][vc_row][vc_column width=&#187;1\/2&#8243;][vc_gallery interval=&#187;3&#8243; images=&#187;249,1373,1371,1369&#8243; img_size=&#187;full&#187; css=&#187;.vc_custom_1662966179294{padding-top: 50px !important;padding-right: 50px !important;padding-bottom: 50px !important;padding-left: [&hellip;]\" \/>\n<meta property=\"og:url\" content=\"https:\/\/matus.ee\/ru\/%d0%b0%d0%b2%d1%82%d0%be%d0%ba%d0%b0%d1%82%d0%b0%d1%84%d0%b0%d0%bb%d0%ba%d0%b8\/\" \/>\n<meta property=\"og:site_name\" content=\"Tallinna Matuseb\u00fcroo O\u00dc\" \/>\n<meta property=\"article:modified_time\" content=\"2023-06-30T10:57:01+00:00\" \/>\n<meta name=\"twitter:card\" content=\"summary_large_image\" \/>\n<meta name=\"twitter:label1\" content=\"\u041f\u0440\u0438\u043c\u0435\u0440\u043d\u043e\u0435 \u0432\u0440\u0435\u043c\u044f \u0434\u043b\u044f \u0447\u0442\u0435\u043d\u0438\u044f\" \/>\n\t<meta name=\"twitter:data1\" content=\"1 \u043c\u0438\u043d\u0443\u0442\u0430\" \/>\n<script type=\"application\/ld+json\" class=\"yoast-schema-graph\">{\"@context\":\"https:\/\/schema.org\",\"@graph\":[{\"@type\":\"WebPage\",\"@id\":\"https:\/\/matus.ee\/ru\/%d0%b0%d0%b2%d1%82%d0%be%d0%ba%d0%b0%d1%82%d0%b0%d1%84%d0%b0%d0%bb%d0%ba%d0%b8\/\",\"url\":\"https:\/\/matus.ee\/ru\/%d0%b0%d0%b2%d1%82%d0%be%d0%ba%d0%b0%d1%82%d0%b0%d1%84%d0%b0%d0%bb%d0%ba%d0%b8\/\",\"name\":\"\u0410\u0432\u0442\u043e\u043a\u0430\u0442\u0430\u0444\u0430\u043b\u043a\u0438 &#8212; Tallinna Matuseb\u00fcroo O\u00dc\",\"isPartOf\":{\"@id\":\"https:\/\/matus.ee\/ru\/#website\"},\"datePublished\":\"2020-05-15T13:18:03+00:00\",\"dateModified\":\"2023-06-30T10:57:01+00:00\",\"breadcrumb\":{\"@id\":\"https:\/\/matus.ee\/ru\/%d0%b0%d0%b2%d1%82%d0%be%d0%ba%d0%b0%d1%82%d0%b0%d1%84%d0%b0%d0%bb%d0%ba%d0%b8\/#breadcrumb\"},\"inLanguage\":\"ru-RU\",\"potentialAction\":[{\"@type\":\"ReadAction\",\"target\":[\"https:\/\/matus.ee\/ru\/%d0%b0%d0%b2%d1%82%d0%be%d0%ba%d0%b0%d1%82%d0%b0%d1%84%d0%b0%d0%bb%d0%ba%d0%b8\/\"]}]},{\"@type\":\"BreadcrumbList\",\"@id\":\"https:\/\/matus.ee\/ru\/%d0%b0%d0%b2%d1%82%d0%be%d0%ba%d0%b0%d1%82%d0%b0%d1%84%d0%b0%d0%bb%d0%ba%d0%b8\/#breadcrumb\",\"itemListElement\":[{\"@type\":\"ListItem\",\"position\":1,\"name\":\"Avaleht\",\"item\":\"https:\/\/matus.ee\/ru\/\"},{\"@type\":\"ListItem\",\"position\":2,\"name\":\"\u0410\u0432\u0442\u043e\u043a\u0430\u0442\u0430\u0444\u0430\u043b\u043a\u0438\"}]},{\"@type\":\"WebSite\",\"@id\":\"https:\/\/matus.ee\/ru\/#website\",\"url\":\"https:\/\/matus.ee\/ru\/\",\"name\":\"Tallinna Matuseb\u00fcroo O\u00dc\",\"description\":\"K\u00f5ik Matuseteenused\",\"publisher\":{\"@id\":\"https:\/\/matus.ee\/ru\/#organization\"},\"potentialAction\":[{\"@type\":\"SearchAction\",\"target\":{\"@type\":\"EntryPoint\",\"urlTemplate\":\"https:\/\/matus.ee\/ru\/?s={search_term_string}\"},\"query-input\":{\"@type\":\"PropertyValueSpecification\",\"valueRequired\":true,\"valueName\":\"search_term_string\"}}],\"inLanguage\":\"ru-RU\"},{\"@type\":\"Organization\",\"@id\":\"https:\/\/matus.ee\/ru\/#organization\",\"name\":\"Tallinna matuseb\u00fcroo\",\"url\":\"https:\/\/matus.ee\/ru\/\",\"logo\":{\"@type\":\"ImageObject\",\"inLanguage\":\"ru-RU\",\"@id\":\"https:\/\/matus.ee\/ru\/#\/schema\/logo\/image\/\",\"url\":\"https:\/\/matus.ee\/wp-content\/uploads\/2020\/05\/logo_1.png\",\"contentUrl\":\"https:\/\/matus.ee\/wp-content\/uploads\/2020\/05\/logo_1.png\",\"width\":1920,\"height\":446,\"caption\":\"Tallinna matuseb\u00fcroo\"},\"image\":{\"@id\":\"https:\/\/matus.ee\/ru\/#\/schema\/logo\/image\/\"}}]}<\/script>\n<!-- \/ Yoast SEO plugin. -->","yoast_head_json":{"title":"\u0410\u0432\u0442\u043e\u043a\u0430\u0442\u0430\u0444\u0430\u043b\u043a\u0438 &#8212; Tallinna Matuseb\u00fcroo O\u00dc","robots":{"index":"index","follow":"follow","max-snippet":"max-snippet:-1","max-image-preview":"max-image-preview:large","max-video-preview":"max-video-preview:-1"},"canonical":"https:\/\/matus.ee\/ru\/%d0%b0%d0%b2%d1%82%d0%be%d0%ba%d0%b0%d1%82%d0%b0%d1%84%d0%b0%d0%bb%d0%ba%d0%b8\/","og_locale":"ru_RU","og_type":"article","og_title":"\u0410\u0432\u0442\u043e\u043a\u0430\u0442\u0430\u0444\u0430\u043b\u043a\u0438 &#8212; Tallinna Matuseb\u00fcroo O\u00dc","og_description":"[vc_section full_width=&#187;stretch_row&#187; el_class=&#187;colored-section&#187; css=&#187;.vc_custom_1589790960590{padding-top: 3rem !important;padding-bottom: 3rem !important;}&#187;][vc_row][vc_column][vc_acf field_group=&#187;358&#8243; field_from_358=&#187;field_5ec248344fc06&#8243;][\/vc_column][\/vc_row][vc_row][vc_column width=&#187;1\/2&#8243;][vc_gallery interval=&#187;3&#8243; images=&#187;854,855,852,853&#8243; img_size=&#187;full&#187; css=&#187;.vc_custom_1662966167190{padding-top: 50px !important;padding-right: 50px !important;padding-bottom: 50px !important;padding-left: 50px !important;border-radius: 25px !important;}&#187; title=&#187;Mercedes-Benz 2019&#8243;][\/vc_column][vc_column width=&#187;1\/2&#8243;][vc_gallery interval=&#187;3&#8243; images=&#187;862,860,859,857&#8243; img_size=&#187;full&#187; css=&#187;.vc_custom_1662966174448{padding-top: 50px !important;padding-right: 50px !important;padding-bottom: 50px !important;padding-left: 50px !important;border-radius: 25px !important;}&#187; title=&#187;Mercedes-Benz 2017&#8243;][\/vc_column][\/vc_row][\/vc_section][vc_row][vc_column width=&#187;1\/2&#8243;][vc_gallery interval=&#187;3&#8243; images=&#187;249,1373,1371,1369&#8243; img_size=&#187;full&#187; css=&#187;.vc_custom_1662966179294{padding-top: 50px !important;padding-right: 50px !important;padding-bottom: 50px !important;padding-left: [&hellip;]","og_url":"https:\/\/matus.ee\/ru\/%d0%b0%d0%b2%d1%82%d0%be%d0%ba%d0%b0%d1%82%d0%b0%d1%84%d0%b0%d0%bb%d0%ba%d0%b8\/","og_site_name":"Tallinna Matuseb\u00fcroo O\u00dc","article_modified_time":"2023-06-30T10:57:01+00:00","twitter_card":"summary_large_image","twitter_misc":{"\u041f\u0440\u0438\u043c\u0435\u0440\u043d\u043e\u0435 \u0432\u0440\u0435\u043c\u044f \u0434\u043b\u044f \u0447\u0442\u0435\u043d\u0438\u044f":"1 \u043c\u0438\u043d\u0443\u0442\u0430"},"schema":{"@context":"https:\/\/schema.org","@graph":[{"@type":"WebPage","@id":"https:\/\/matus.ee\/ru\/%d0%b0%d0%b2%d1%82%d0%be%d0%ba%d0%b0%d1%82%d0%b0%d1%84%d0%b0%d0%bb%d0%ba%d0%b8\/","url":"https:\/\/matus.ee\/ru\/%d0%b0%d0%b2%d1%82%d0%be%d0%ba%d0%b0%d1%82%d0%b0%d1%84%d0%b0%d0%bb%d0%ba%d0%b8\/","name":"\u0410\u0432\u0442\u043e\u043a\u0430\u0442\u0430\u0444\u0430\u043b\u043a\u0438 &#8212; Tallinna Matuseb\u00fcroo O\u00dc","isPartOf":{"@id":"https:\/\/matus.ee\/ru\/#website"},"datePublished":"2020-05-15T13:18:03+00:00","dateModified":"2023-06-30T10:57:01+00:00","breadcrumb":{"@id":"https:\/\/matus.ee\/ru\/%d0%b0%d0%b2%d1%82%d0%be%d0%ba%d0%b0%d1%82%d0%b0%d1%84%d0%b0%d0%bb%d0%ba%d0%b8\/#breadcrumb"},"inLanguage":"ru-RU","potentialAction":[{"@type":"ReadAction","target":["https:\/\/matus.ee\/ru\/%d0%b0%d0%b2%d1%82%d0%be%d0%ba%d0%b0%d1%82%d0%b0%d1%84%d0%b0%d0%bb%d0%ba%d0%b8\/"]}]},{"@type":"BreadcrumbList","@id":"https:\/\/matus.ee\/ru\/%d0%b0%d0%b2%d1%82%d0%be%d0%ba%d0%b0%d1%82%d0%b0%d1%84%d0%b0%d0%bb%d0%ba%d0%b8\/#breadcrumb","itemListElement":[{"@type":"ListItem","position":1,"name":"Avaleht","item":"https:\/\/matus.ee\/ru\/"},{"@type":"ListItem","position":2,"name":"\u0410\u0432\u0442\u043e\u043a\u0430\u0442\u0430\u0444\u0430\u043b\u043a\u0438"}]},{"@type":"WebSite","@id":"https:\/\/matus.ee\/ru\/#website","url":"https:\/\/matus.ee\/ru\/","name":"Tallinna Matuseb\u00fcroo O\u00dc","description":"K\u00f5ik Matuseteenused","publisher":{"@id":"https:\/\/matus.ee\/ru\/#organization"},"potentialAction":[{"@type":"SearchAction","target":{"@type":"EntryPoint","urlTemplate":"https:\/\/matus.ee\/ru\/?s={search_term_string}"},"query-input":{"@type":"PropertyValueSpecification","valueRequired":true,"valueName":"search_term_string"}}],"inLanguage":"ru-RU"},{"@type":"Organization","@id":"https:\/\/matus.ee\/ru\/#organization","name":"Tallinna matuseb\u00fcroo","url":"https:\/\/matus.ee\/ru\/","logo":{"@type":"ImageObject","inLanguage":"ru-RU","@id":"https:\/\/matus.ee\/ru\/#\/schema\/logo\/image\/","url":"https:\/\/matus.ee\/wp-content\/uploads\/2020\/05\/logo_1.png","contentUrl":"https:\/\/matus.ee\/wp-content\/uploads\/2020\/05\/logo_1.png","width":1920,"height":446,"caption":"Tallinna matuseb\u00fcroo"},"image":{"@id":"https:\/\/matus.ee\/ru\/#\/schema\/logo\/image\/"}}]}},"_links":{"self":[{"href":"https:\/\/matus.ee\/ru\/wp-json\/wp\/v2\/pages\/1227","targetHints":{"allow":["GET"]}}],"collection":[{"href":"https:\/\/matus.ee\/ru\/wp-json\/wp\/v2\/pages"}],"about":[{"href":"https:\/\/matus.ee\/ru\/wp-json\/wp\/v2\/types\/page"}],"author":[{"embeddable":true,"href":"https:\/\/matus.ee\/ru\/wp-json\/wp\/v2\/users\/1"}],"replies":[{"embeddable":true,"href":"https:\/\/matus.ee\/ru\/wp-json\/wp\/v2\/comments?post=1227"}],"version-history":[{"count":13,"href":"https:\/\/matus.ee\/ru\/wp-json\/wp\/v2\/pages\/1227\/revisions"}],"predecessor-version":[{"id":1589,"href":"https:\/\/matus.ee\/ru\/wp-json\/wp\/v2\/pages\/1227\/revisions\/1589"}],"wp:attachment":[{"href":"https:\/\/matus.ee\/ru\/wp-json\/wp\/v2\/media?parent=1227"}],"curies":[{"name":"wp","href":"https:\/\/api.w.org\/{rel}","templated":true}]}}